{"id":518,"date":"2026-01-17T11:53:38","date_gmt":"2026-01-17T08:53:38","guid":{"rendered":"https:\/\/www.techveck.com\/teknoloji\/?page_id=518"},"modified":"2026-02-19T15:42:28","modified_gmt":"2026-02-19T12:42:28","slug":"insaat-malzemeleri","status":"publish","type":"page","link":"https:\/\/www.techveck.com\/enerji\/urunler\/insaat-malzemeleri\/","title":{"rendered":"\u0130n\u015faat Malzemeleri"},"content":{"rendered":"\t\t<div data-elementor-type=\"wp-page\" data-elementor-id=\"518\" class=\"elementor elementor-518\">\n\t\t\t\t<div class=\"aux-parallax-section elementor-element elementor-element-3fd956c e-con-full e-flex e-con e-parent\" data-id=\"3fd956c\" data-element_type=\"container\" data-e-type=\"container\">\n\t\t\t\t<div class=\"elementor-element elementor-element-f8de88d elementor-position-left elementor-position-top elementor-widget__width-initial elementor-widget-mobile__width-inherit elementor-image-box-description aux-appear-watch-animation aux-fade-in-up elementor-vertical-align-top elementor-widget elementor-widget-image-box\" data-id=\"f8de88d\" data-element_type=\"widget\" data-e-type=\"widget\" data-widget_type=\"image-box.default\">\n\t\t\t\t<div class=\"elementor-widget-container\">\n\t\t\t\t\t<div class=\"elementor-image-box-wrapper\"><figure class=\"elementor-image-box-img\"><img fetchpriority=\"high\" decoding=\"async\" width=\"360\" height=\"360\" src=\"https:\/\/www.techveck.com\/enerji\/wp-content\/uploads\/5-1-Demirler.png\" class=\"attachment-full size-full wp-image-470\" alt=\"\" srcset=\"https:\/\/www.techveck.com\/enerji\/wp-content\/uploads\/5-1-Demirler.png 360w, https:\/\/www.techveck.com\/enerji\/wp-content\/uploads\/5-1-Demirler-300x300.png 300w, https:\/\/www.techveck.com\/enerji\/wp-content\/uploads\/5-1-Demirler-150x150.png 150w\" \/><\/figure><div class=\"elementor-image-box-content\"><h3 class=\"elementor-image-box-title\">Demirler<\/h3><p class=\"elementor-image-box-description\"><ul>\n \t<li>S\u0131vama (Has\u0131r) demir<\/li>\n \t<li>\u0130n\u015faat kolon demiri<\/li>\n \t<li>\u0130n\u015faat nerv\u00fcrl\u00fc \u00e7ubuk<\/li>\n \t<li>\u0130n\u015faat d\u00fcz \u00e7ubuk<\/li>\n \t<li>Has\u0131r file<\/li>\n \t<li>Betonarme donat\u0131 demiri<\/li>\n \t<li>Kaynakl\u0131 a\u011f<\/li>\n<\/ul><\/p><\/div><\/div>\t\t\t\t<\/div>\n\t\t\t\t<\/div>\n\t\t\t\t<div class=\"elementor-element elementor-element-9f848cb elementor-position-left elementor-position-top elementor-widget__width-initial elementor-widget-mobile__width-inherit elementor-image-box-description aux-appear-watch-animation aux-fade-in-up elementor-vertical-align-top elementor-widget elementor-widget-image-box\" data-id=\"9f848cb\" data-element_type=\"widget\" data-e-type=\"widget\" data-widget_type=\"image-box.default\">\n\t\t\t\t<div class=\"elementor-widget-container\">\n\t\t\t\t\t<div class=\"elementor-image-box-wrapper\"><figure class=\"elementor-image-box-img\"><img decoding=\"async\" width=\"360\" height=\"360\" src=\"https:\/\/www.techveck.com\/enerji\/wp-content\/uploads\/5-2-Betonlar.png\" class=\"attachment-full size-full wp-image-471\" alt=\"\" srcset=\"https:\/\/www.techveck.com\/enerji\/wp-content\/uploads\/5-2-Betonlar.png 360w, https:\/\/www.techveck.com\/enerji\/wp-content\/uploads\/5-2-Betonlar-300x300.png 300w, https:\/\/www.techveck.com\/enerji\/wp-content\/uploads\/5-2-Betonlar-150x150.png 150w\" \/><\/figure><div class=\"elementor-image-box-content\"><h3 class=\"elementor-image-box-title\">Bims Tu\u011fla<\/h3><p class=\"elementor-image-box-description\"><ul>\n \t<li>Hafif bims tu\u011fla (duvar tu\u011flas\u0131)<\/li>\n \t<li>Bims blok<\/li>\n \t<li>Is\u0131 yal\u0131t\u0131ml\u0131 bims tu\u011fla<\/li>\n \t<li>Y\u00fck ta\u015f\u0131y\u0131c\u0131 bims tu\u011fla<\/li>\n<\/ul><\/p><\/div><\/div>\t\t\t\t<\/div>\n\t\t\t\t<\/div>\n\t\t\t\t<div class=\"elementor-element elementor-element-ab7531a elementor-position-left elementor-position-top elementor-widget__width-initial elementor-widget-mobile__width-inherit elementor-image-box-description aux-appear-watch-animation aux-fade-in-up elementor-vertical-align-top elementor-widget elementor-widget-image-box\" data-id=\"ab7531a\" data-element_type=\"widget\" data-e-type=\"widget\" data-widget_type=\"image-box.default\">\n\t\t\t\t<div class=\"elementor-widget-container\">\n\t\t\t\t\t<div class=\"elementor-image-box-wrapper\"><figure class=\"elementor-image-box-img\"><img decoding=\"async\" width=\"360\" height=\"360\" src=\"https:\/\/www.techveck.com\/enerji\/wp-content\/uploads\/5-3-Salt-Celikleri.png\" class=\"attachment-full size-full wp-image-472\" alt=\"\" srcset=\"https:\/\/www.techveck.com\/enerji\/wp-content\/uploads\/5-3-Salt-Celikleri.png 360w, https:\/\/www.techveck.com\/enerji\/wp-content\/uploads\/5-3-Salt-Celikleri-300x300.png 300w, https:\/\/www.techveck.com\/enerji\/wp-content\/uploads\/5-3-Salt-Celikleri-150x150.png 150w\" \/><\/figure><div class=\"elementor-image-box-content\"><h3 class=\"elementor-image-box-title\">\u015ealt \u00c7elikleri<\/h3><p class=\"elementor-image-box-description\"><ul>\n \t<li>Galvanizli \u015falt \u00e7eli\u011fi<\/li>\n \t<li>Siyah (sac) \u015falt \u00e7eli\u011fi<\/li>\n \t<li>Elektrozincirli \u015falt \u00e7eli\u011fi<\/li>\n \t<li>\u00d6zel ala\u015f\u0131ml\u0131 \u015falt \u00e7eli\u011fi<\/li>\n<\/ul><\/p><\/div><\/div>\t\t\t\t<\/div>\n\t\t\t\t<\/div>\n\t\t\t\t<div class=\"elementor-element elementor-element-7ce55a0 elementor-position-left elementor-position-top elementor-widget__width-initial elementor-widget-mobile__width-inherit elementor-image-box-description aux-appear-watch-animation aux-fade-in-up elementor-vertical-align-top elementor-widget elementor-widget-image-box\" data-id=\"7ce55a0\" data-element_type=\"widget\" data-e-type=\"widget\" data-widget_type=\"image-box.default\">\n\t\t\t\t<div class=\"elementor-widget-container\">\n\t\t\t\t\t<div class=\"elementor-image-box-wrapper\"><figure class=\"elementor-image-box-img\"><img loading=\"lazy\" decoding=\"async\" width=\"360\" height=\"360\" src=\"https:\/\/www.techveck.com\/enerji\/wp-content\/uploads\/5-4-Enh-Direk.png\" class=\"attachment-full size-full wp-image-473\" alt=\"\" srcset=\"https:\/\/www.techveck.com\/enerji\/wp-content\/uploads\/5-4-Enh-Direk.png 360w, https:\/\/www.techveck.com\/enerji\/wp-content\/uploads\/5-4-Enh-Direk-300x300.png 300w, https:\/\/www.techveck.com\/enerji\/wp-content\/uploads\/5-4-Enh-Direk-150x150.png 150w\" \/><\/figure><div class=\"elementor-image-box-content\"><h3 class=\"elementor-image-box-title\">Enerji Nakil Hatlar\u0131 Direk\/\u00c7elik<\/h3><p class=\"elementor-image-box-description\"><ul>\n \t<li>Elektrik dire\u011fi (\u00c7elik direk)<\/li>\n \t<li>Betonarme direk<\/li>\n \t<li>Ah\u015fap direk<\/li>\n \t<li>\u00c7elik halat ve ba\u011flant\u0131 elemanlar\u0131<\/li>\n \t<li>Direk montaj aksesuarlar\u0131<\/li>\n<\/ul><\/p><\/div><\/div>\t\t\t\t<\/div>\n\t\t\t\t<\/div>\n\t\t\t\t<div class=\"elementor-element elementor-element-d33b29c elementor-position-left elementor-position-top elementor-widget__width-initial elementor-widget-mobile__width-inherit elementor-image-box-description aux-appear-watch-animation aux-fade-in-up elementor-vertical-align-top elementor-widget elementor-widget-image-box\" data-id=\"d33b29c\" data-element_type=\"widget\" data-e-type=\"widget\" data-widget_type=\"image-box.default\">\n\t\t\t\t<div class=\"elementor-widget-container\">\n\t\t\t\t\t<div class=\"elementor-image-box-wrapper\"><figure class=\"elementor-image-box-img\"><img loading=\"lazy\" decoding=\"async\" width=\"360\" height=\"360\" src=\"https:\/\/www.techveck.com\/enerji\/wp-content\/uploads\/5-5-Kum.png\" class=\"attachment-full size-full wp-image-474\" alt=\"\" srcset=\"https:\/\/www.techveck.com\/enerji\/wp-content\/uploads\/5-5-Kum.png 360w, https:\/\/www.techveck.com\/enerji\/wp-content\/uploads\/5-5-Kum-300x300.png 300w, https:\/\/www.techveck.com\/enerji\/wp-content\/uploads\/5-5-Kum-150x150.png 150w\" \/><\/figure><div class=\"elementor-image-box-content\"><h3 class=\"elementor-image-box-title\">Kum<\/h3><p class=\"elementor-image-box-description\"><ul>\n \t<li>\u0130n\u015faat kumu (\u0131rmak kumu)<\/li>\n \t<li>Beton kumu<\/li>\n \t<li>Kaliteli y\u0131kama kumu<\/li>\n \t<li>Eleme kumu<\/li>\n \t<li>Kuvars kumu<\/li>\n<\/ul><\/p><\/div><\/div>\t\t\t\t<\/div>\n\t\t\t\t<\/div>\n\t\t\t\t<div class=\"elementor-element elementor-element-7757f91 elementor-position-left elementor-position-top elementor-widget__width-initial elementor-widget-mobile__width-inherit elementor-image-box-description aux-appear-watch-animation aux-fade-in-up elementor-vertical-align-top elementor-widget elementor-widget-image-box\" data-id=\"7757f91\" data-element_type=\"widget\" data-e-type=\"widget\" data-widget_type=\"image-box.default\">\n\t\t\t\t<div class=\"elementor-widget-container\">\n\t\t\t\t\t<div class=\"elementor-image-box-wrapper\"><figure class=\"elementor-image-box-img\"><img loading=\"lazy\" decoding=\"async\" width=\"360\" height=\"360\" src=\"https:\/\/www.techveck.com\/enerji\/wp-content\/uploads\/5-6-Tugla.png\" class=\"attachment-full size-full wp-image-475\" alt=\"\" srcset=\"https:\/\/www.techveck.com\/enerji\/wp-content\/uploads\/5-6-Tugla.png 360w, https:\/\/www.techveck.com\/enerji\/wp-content\/uploads\/5-6-Tugla-300x300.png 300w, https:\/\/www.techveck.com\/enerji\/wp-content\/uploads\/5-6-Tugla-150x150.png 150w\" \/><\/figure><div class=\"elementor-image-box-content\"><h3 class=\"elementor-image-box-title\">Tu\u011fla<\/h3><p class=\"elementor-image-box-description\"><ul>\n \t<li>Klasik k\u0131rm\u0131z\u0131 tu\u011fla<\/li>\n \t<li>Kil tu\u011flas\u0131<\/li>\n \t<li>D\u0131\u015f cephe tu\u011flas\u0131<\/li>\n \t<li>Tu\u011fla blok<\/li>\n \t<li>\u015eamot tu\u011fla<\/li>\n<\/ul><\/p><\/div><\/div>\t\t\t\t<\/div>\n\t\t\t\t<\/div>\n\t\t\t\t<div class=\"elementor-element elementor-element-c2b04c4 elementor-position-left elementor-position-top elementor-widget__width-initial elementor-widget-mobile__width-inherit elementor-image-box-description aux-appear-watch-animation aux-fade-in-up elementor-vertical-align-top elementor-widget elementor-widget-image-box\" data-id=\"c2b04c4\" data-element_type=\"widget\" data-e-type=\"widget\" data-widget_type=\"image-box.default\">\n\t\t\t\t<div class=\"elementor-widget-container\">\n\t\t\t\t\t<div class=\"elementor-image-box-wrapper\"><figure class=\"elementor-image-box-img\"><img loading=\"lazy\" decoding=\"async\" width=\"360\" height=\"360\" src=\"https:\/\/www.techveck.com\/enerji\/wp-content\/uploads\/5-7-Micir.png\" class=\"attachment-full size-full wp-image-476\" alt=\"\" srcset=\"https:\/\/www.techveck.com\/enerji\/wp-content\/uploads\/5-7-Micir.png 360w, https:\/\/www.techveck.com\/enerji\/wp-content\/uploads\/5-7-Micir-300x300.png 300w, https:\/\/www.techveck.com\/enerji\/wp-content\/uploads\/5-7-Micir-150x150.png 150w\" \/><\/figure><div class=\"elementor-image-box-content\"><h3 class=\"elementor-image-box-title\">M\u0131c\u0131r<\/h3><p class=\"elementor-image-box-description\"><ul>\n \t<li>0-5 mm m\u0131c\u0131r<\/li>\n \t<li>5-15 mm m\u0131c\u0131r<\/li>\n \t<li>15-25 mm m\u0131c\u0131r<\/li>\n \t<li>Do\u011fal m\u0131c\u0131r<\/li>\n \t<li>K\u0131rma m\u0131c\u0131r<\/li>\n<\/ul><\/p><\/div><\/div>\t\t\t\t<\/div>\n\t\t\t\t<\/div>\n\t\t\t\t<div class=\"elementor-element elementor-element-7a0c065 elementor-position-left elementor-position-top elementor-widget__width-initial elementor-widget-mobile__width-inherit elementor-image-box-description aux-appear-watch-animation aux-fade-in-up elementor-vertical-align-top elementor-widget elementor-widget-image-box\" data-id=\"7a0c065\" data-element_type=\"widget\" data-e-type=\"widget\" data-widget_type=\"image-box.default\">\n\t\t\t\t<div class=\"elementor-widget-container\">\n\t\t\t\t\t<div class=\"elementor-image-box-wrapper\"><figure class=\"elementor-image-box-img\"><img loading=\"lazy\" decoding=\"async\" width=\"360\" height=\"360\" src=\"https:\/\/www.techveck.com\/enerji\/wp-content\/uploads\/5-8-Gazbeton.png\" class=\"attachment-full size-full wp-image-477\" alt=\"\" srcset=\"https:\/\/www.techveck.com\/enerji\/wp-content\/uploads\/5-8-Gazbeton.png 360w, https:\/\/www.techveck.com\/enerji\/wp-content\/uploads\/5-8-Gazbeton-300x300.png 300w, https:\/\/www.techveck.com\/enerji\/wp-content\/uploads\/5-8-Gazbeton-150x150.png 150w\" \/><\/figure><div class=\"elementor-image-box-content\"><h3 class=\"elementor-image-box-title\">Gaz Betonu<\/h3><p class=\"elementor-image-box-description\"><ul>\n \t<li>Hafif gaz beton blok<\/li>\n \t<li>Y\u00fck ta\u015f\u0131y\u0131c\u0131 gaz beton<\/li>\n \t<li>Is\u0131 yal\u0131t\u0131ml\u0131 gaz beton<\/li>\n \t<li>Ytong (marka) gaz beton<\/li>\n<\/ul><\/p><\/div><\/div>\t\t\t\t<\/div>\n\t\t\t\t<\/div>\n\t\t\t\t<div class=\"elementor-element elementor-element-b777c02 elementor-position-left elementor-position-top elementor-widget__width-initial elementor-widget-mobile__width-inherit elementor-image-box-description aux-appear-watch-animation aux-fade-in-up elementor-vertical-align-top elementor-widget elementor-widget-image-box\" data-id=\"b777c02\" data-element_type=\"widget\" data-e-type=\"widget\" data-widget_type=\"image-box.default\">\n\t\t\t\t<div class=\"elementor-widget-container\">\n\t\t\t\t\t<div class=\"elementor-image-box-wrapper\"><figure class=\"elementor-image-box-img\"><img loading=\"lazy\" decoding=\"async\" width=\"360\" height=\"360\" src=\"https:\/\/www.techveck.com\/enerji\/wp-content\/uploads\/5-9-PVC.png\" class=\"attachment-full size-full wp-image-478\" alt=\"\" srcset=\"https:\/\/www.techveck.com\/enerji\/wp-content\/uploads\/5-9-PVC.png 360w, https:\/\/www.techveck.com\/enerji\/wp-content\/uploads\/5-9-PVC-300x300.png 300w, https:\/\/www.techveck.com\/enerji\/wp-content\/uploads\/5-9-PVC-150x150.png 150w\" \/><\/figure><div class=\"elementor-image-box-content\"><h3 class=\"elementor-image-box-title\">PVC Pencere<\/h3><p class=\"elementor-image-box-description\"><ul>\n \t<li>\u00c7ift caml\u0131 PVC pencere<\/li>\n \t<li>Tek caml\u0131 PVC pencere<\/li>\n \t<li>S\u00fcrme PVC pencere<\/li>\n \t<li>A\u00e7\u0131l\u0131r-kapan\u0131r PVC pencere<\/li>\n \t<li>PVC kap\u0131-pencere aksesuarlar\u0131<\/li>\n<\/ul><\/p><\/div><\/div>\t\t\t\t<\/div>\n\t\t\t\t<\/div>\n\t\t\t\t<div class=\"elementor-element elementor-element-947ab18 elementor-position-left elementor-position-top elementor-widget__width-initial elementor-widget-mobile__width-inherit elementor-image-box-description aux-appear-watch-animation aux-fade-in-up elementor-vertical-align-top elementor-widget elementor-widget-image-box\" data-id=\"947ab18\" data-element_type=\"widget\" data-e-type=\"widget\" data-widget_type=\"image-box.default\">\n\t\t\t\t<div class=\"elementor-widget-container\">\n\t\t\t\t\t<div class=\"elementor-image-box-wrapper\"><figure class=\"elementor-image-box-img\"><img loading=\"lazy\" decoding=\"async\" width=\"360\" height=\"360\" src=\"https:\/\/www.techveck.com\/enerji\/wp-content\/uploads\/5-10-SKapi.png\" class=\"attachment-full size-full wp-image-479\" alt=\"\" srcset=\"https:\/\/www.techveck.com\/enerji\/wp-content\/uploads\/5-10-SKapi.png 360w, https:\/\/www.techveck.com\/enerji\/wp-content\/uploads\/5-10-SKapi-300x300.png 300w, https:\/\/www.techveck.com\/enerji\/wp-content\/uploads\/5-10-SKapi-150x150.png 150w\" \/><\/figure><div class=\"elementor-image-box-content\"><h3 class=\"elementor-image-box-title\">Seksiyonel Kap\u0131lar<\/h3><p class=\"elementor-image-box-description\"><ul>\n \t<li>End\u00fcstriyel seksiyonel kap\u0131<\/li>\n \t<li>Otomatik seksiyonel kap\u0131<\/li>\n \t<li>\u0130zolasyonlu seksiyonel kap\u0131<\/li>\n \t<li>Al\u00fcminyum seksiyonel kap\u0131<\/li>\n<\/ul><\/p><\/div><\/div>\t\t\t\t<\/div>\n\t\t\t\t<\/div>\n\t\t\t\t<div class=\"elementor-element elementor-element-cd29aaa elementor-position-left elementor-position-top elementor-widget__width-initial elementor-widget-mobile__width-inherit elementor-image-box-description aux-appear-watch-animation aux-fade-in-up elementor-vertical-align-top elementor-widget elementor-widget-image-box\" data-id=\"cd29aaa\" data-element_type=\"widget\" data-e-type=\"widget\" data-widget_type=\"image-box.default\">\n\t\t\t\t<div class=\"elementor-widget-container\">\n\t\t\t\t\t<div class=\"elementor-image-box-wrapper\"><figure class=\"elementor-image-box-img\"><img loading=\"lazy\" decoding=\"async\" width=\"360\" height=\"360\" src=\"https:\/\/www.techveck.com\/enerji\/wp-content\/uploads\/5-11-CamYunu.png\" class=\"attachment-full size-full wp-image-480\" alt=\"\" srcset=\"https:\/\/www.techveck.com\/enerji\/wp-content\/uploads\/5-11-CamYunu.png 360w, https:\/\/www.techveck.com\/enerji\/wp-content\/uploads\/5-11-CamYunu-300x300.png 300w, https:\/\/www.techveck.com\/enerji\/wp-content\/uploads\/5-11-CamYunu-150x150.png 150w\" \/><\/figure><div class=\"elementor-image-box-content\"><h3 class=\"elementor-image-box-title\">Cam Y\u00fcn\u00fc<\/h3><p class=\"elementor-image-box-description\"><ul>\n \t<li>Levha cam y\u00fcn\u00fc<\/li>\n \t<li>Rulo cam y\u00fcn\u00fc<\/li>\n \t<li>Boru izolasyon cam y\u00fcn\u00fc<\/li>\n \t<li>Sprey cam y\u00fcn\u00fc<\/li>\n<\/ul><\/p><\/div><\/div>\t\t\t\t<\/div>\n\t\t\t\t<\/div>\n\t\t\t\t<div class=\"elementor-element elementor-element-d9a1237 elementor-position-left elementor-position-top elementor-widget__width-initial elementor-widget-mobile__width-inherit elementor-image-box-description aux-appear-watch-animation aux-fade-in-up elementor-vertical-align-top elementor-widget elementor-widget-image-box\" data-id=\"d9a1237\" data-element_type=\"widget\" data-e-type=\"widget\" data-widget_type=\"image-box.default\">\n\t\t\t\t<div class=\"elementor-widget-container\">\n\t\t\t\t\t<div class=\"elementor-image-box-wrapper\"><figure class=\"elementor-image-box-img\"><img loading=\"lazy\" decoding=\"async\" width=\"360\" height=\"360\" src=\"https:\/\/www.techveck.com\/enerji\/wp-content\/uploads\/5-12-TasYunu.png\" class=\"attachment-full size-full wp-image-481\" alt=\"\" srcset=\"https:\/\/www.techveck.com\/enerji\/wp-content\/uploads\/5-12-TasYunu.png 360w, https:\/\/www.techveck.com\/enerji\/wp-content\/uploads\/5-12-TasYunu-300x300.png 300w, https:\/\/www.techveck.com\/enerji\/wp-content\/uploads\/5-12-TasYunu-150x150.png 150w\" \/><\/figure><div class=\"elementor-image-box-content\"><h3 class=\"elementor-image-box-title\">Ta\u015f Y\u00fcn\u00fc<\/h3><p class=\"elementor-image-box-description\"><ul>\n \t<li>Levha ta\u015f y\u00fcn\u00fc<\/li>\n \t<li>Rulo ta\u015f y\u00fcn\u00fc<\/li>\n \t<li>Boru izolasyon ta\u015f y\u00fcn\u00fc<\/li>\n \t<li>Sprey ta\u015f y\u00fcn\u00fc<\/li>\n<\/ul><\/p><\/div><\/div>\t\t\t\t<\/div>\n\t\t\t\t<\/div>\n\t\t\t\t<div class=\"elementor-element elementor-element-ec093cd elementor-position-left elementor-position-top elementor-widget__width-initial elementor-widget-mobile__width-inherit elementor-image-box-description aux-appear-watch-animation aux-fade-in-up elementor-vertical-align-top elementor-widget elementor-widget-image-box\" data-id=\"ec093cd\" data-element_type=\"widget\" data-e-type=\"widget\" data-widget_type=\"image-box.default\">\n\t\t\t\t<div class=\"elementor-widget-container\">\n\t\t\t\t\t<div class=\"elementor-image-box-wrapper\"><figure class=\"elementor-image-box-img\"><img loading=\"lazy\" decoding=\"async\" width=\"360\" height=\"360\" src=\"https:\/\/www.techveck.com\/enerji\/wp-content\/uploads\/5-13-YukseltilmisDoseme.png\" class=\"attachment-full size-full wp-image-482\" alt=\"\" srcset=\"https:\/\/www.techveck.com\/enerji\/wp-content\/uploads\/5-13-YukseltilmisDoseme.png 360w, https:\/\/www.techveck.com\/enerji\/wp-content\/uploads\/5-13-YukseltilmisDoseme-300x300.png 300w, https:\/\/www.techveck.com\/enerji\/wp-content\/uploads\/5-13-YukseltilmisDoseme-150x150.png 150w\" \/><\/figure><div class=\"elementor-image-box-content\"><h3 class=\"elementor-image-box-title\">Y\u00fckseltilmi\u015f D\u00f6\u015feme<\/h3><p class=\"elementor-image-box-description\"><ul>\n \t<li>\u00c7elik ayakl\u0131 y\u00fckseltilmi\u015f d\u00f6\u015feme<\/li>\n \t<li>Al\u00fcminyum profilli y\u00fckseltilmi\u015f d\u00f6\u015feme<\/li>\n \t<li>Ah\u015fap kaplamal\u0131 y\u00fckseltilmi\u015f d\u00f6\u015feme<\/li>\n \t<li>Metal panelli y\u00fckseltilmi\u015f d\u00f6\u015feme<\/li>\n \t<li>Antistatik y\u00fckseltilmi\u015f d\u00f6\u015feme<\/li>\n<\/ul><\/p><\/div><\/div>\t\t\t\t<\/div>\n\t\t\t\t<\/div>\n\t\t\t\t<div class=\"elementor-element elementor-element-14ed781 elementor-position-left elementor-position-top elementor-widget__width-initial elementor-widget-mobile__width-inherit elementor-image-box-description aux-appear-watch-animation aux-fade-in-up elementor-vertical-align-top elementor-widget elementor-widget-image-box\" data-id=\"14ed781\" data-element_type=\"widget\" data-e-type=\"widget\" data-widget_type=\"image-box.default\">\n\t\t\t\t<div class=\"elementor-widget-container\">\n\t\t\t\t\t<div class=\"elementor-image-box-wrapper\"><figure class=\"elementor-image-box-img\"><img loading=\"lazy\" decoding=\"async\" width=\"360\" height=\"360\" src=\"https:\/\/www.techveck.com\/enerji\/wp-content\/uploads\/5-14-Peyzaj.png\" class=\"attachment-full size-full wp-image-483\" alt=\"\" srcset=\"https:\/\/www.techveck.com\/enerji\/wp-content\/uploads\/5-14-Peyzaj.png 360w, https:\/\/www.techveck.com\/enerji\/wp-content\/uploads\/5-14-Peyzaj-300x300.png 300w, https:\/\/www.techveck.com\/enerji\/wp-content\/uploads\/5-14-Peyzaj-150x150.png 150w\" \/><\/figure><div class=\"elementor-image-box-content\"><h3 class=\"elementor-image-box-title\">Peyzaj Proje Tasar\u0131m ve Uygulama<\/h3><p class=\"elementor-image-box-description\"><ul>\n \t<li><strong>Arazi Et\u00fcd\u00fc ve Analiz<\/strong>\nArazi ko\u015fullar\u0131, iklim, toprak ve mevcut bitki \u00f6rt\u00fcs\u00fcn\u00fcn incelenmesi<\/li>\n \t<li><strong>Konsept Tasar\u0131m<\/strong>\nTasar\u0131m fikirlerinin belirlenmesi ve g\u00f6rselle\u015ftirilmesi<\/li>\n \t<li><strong>Bitki ve Peyzaj Planlamas\u0131<\/strong>\nBitki se\u00e7imi, bitkilendirme plan\u0131, \u00e7im ve \u00e7al\u0131 d\u00fczenlemeleri<\/li>\n \t<li><strong>Sert Zemin ve Altyap\u0131 Tasar\u0131m\u0131<\/strong>\nYollar, teraslar, merdivenler, pergola ve altyap\u0131 d\u00fczenlemeleri<\/li>\n \t<li><strong>Su ve Sulama Sistemleri Tasar\u0131m\u0131<\/strong>\nDrenaj, ya\u011fmur suyu y\u00f6netimi ve otomatik sulama sistemleri planlamas\u0131<\/li>\n<\/ul><\/p><\/div><\/div>\t\t\t\t<\/div>\n\t\t\t\t<\/div>\n\t\t\t\t<\/div>\n\t\t<div class=\"aux-parallax-section elementor-element elementor-element-1e3b8ac e-flex e-con-boxed e-con e-parent\" data-id=\"1e3b8ac\" data-element_type=\"container\" data-e-type=\"container\">\n\t\t\t\t\t<div class=\"e-con-inner\">\n\t\t\t\t<div class=\"elementor-element elementor-element-9237eca elementor-widget elementor-widget-button\" data-id=\"9237eca\" data-element_type=\"widget\" data-e-type=\"widget\" data-widget_type=\"button.default\">\n\t\t\t\t<div class=\"elementor-widget-container\">\n\t\t\t\t\t\t\t\t\t<div class=\"elementor-button-wrapper\">\n\t\t\t\t\t<a class=\"elementor-button elementor-button-link elementor-size-sm\" href=\"https:\/\/www.techveck.com\/enerji\/urunler\/\">\n\t\t\t\t\t\t<span class=\"elementor-button-content-wrapper\">\n\t\t\t\t\t\t<span class=\"elementor-button-icon\">\n\t\t\t\t<svg aria-hidden=\"true\" class=\"e-font-icon-svg e-fas-backward\" viewBox=\"0 0 512 512\" xmlns=\"http:\/\/www.w3.org\/2000\/svg\"><path d=\"M11.5 280.6l192 160c20.6 17.2 52.5 2.8 52.5-24.6V96c0-27.4-31.9-41.8-52.5-24.6l-192 160c-15.3 12.8-15.3 36.4 0 49.2zm256 0l192 160c20.6 17.2 52.5 2.8 52.5-24.6V96c0-27.4-31.9-41.8-52.5-24.6l-192 160c-15.3 12.8-15.3 36.4 0 49.2z\"><\/path><\/svg>\t\t\t<\/span>\n\t\t\t\t\t\t\t\t\t<span class=\"elementor-button-text\">\u00dcr\u00fcn Kategorilerine Geri D\u00f6n<\/span>\n\t\t\t\t\t<\/span>\n\t\t\t\t\t<\/a>\n\t\t\t\t<\/div>\n\t\t\t\t\t\t\t\t<\/div>\n\t\t\t\t<\/div>\n\t\t\t\t\t<\/div>\n\t\t\t\t<\/div>\n\t\t\t\t<\/div>\n\t\t","protected":false},"excerpt":{"rendered":"<p>Demirler S\u0131vama (Has\u0131r) demir \u0130n\u015faat kolon demiri \u0130n\u015faat nerv\u00fcrl\u00fc \u00e7ubuk \u0130n\u015faat d\u00fcz \u00e7ubuk Has\u0131r file Betonarme donat\u0131 demiri Kaynakl\u0131 a\u011f Bims Tu\u011fla Hafif bims tu\u011fla (duvar tu\u011flas\u0131) Bims blok Is\u0131 yal\u0131t\u0131ml\u0131 bims tu\u011fla Y\u00fck ta\u015f\u0131y\u0131c\u0131 bims tu\u011fla \u015ealt \u00c7elikleri Galvanizli \u015falt \u00e7eli\u011fi Siyah (sac) \u015falt \u00e7eli\u011fi Elektrozincirli \u015falt \u00e7eli\u011fi \u00d6zel ala\u015f\u0131ml\u0131 \u015falt \u00e7eli\u011fi Enerji Nakil [&hellip;]<\/p>\n","protected":false},"author":1,"featured_media":0,"parent":147,"menu_order":4,"comment_status":"closed","ping_status":"closed","template":"","meta":{"footnotes":""},"class_list":["post-518","page","type-page","status-publish","hentry"],"_links":{"self":[{"href":"https:\/\/www.techveck.com\/enerji\/wp-json\/wp\/v2\/pages\/518","targetHints":{"allow":["GET"]}}],"collection":[{"href":"https:\/\/www.techveck.com\/enerji\/wp-json\/wp\/v2\/pages"}],"about":[{"href":"https:\/\/www.techveck.com\/enerji\/wp-json\/wp\/v2\/types\/page"}],"author":[{"embeddable":true,"href":"https:\/\/www.techveck.com\/enerji\/wp-json\/wp\/v2\/users\/1"}],"replies":[{"embeddable":true,"href":"https:\/\/www.techveck.com\/enerji\/wp-json\/wp\/v2\/comments?post=518"}],"version-history":[{"count":28,"href":"https:\/\/www.techveck.com\/enerji\/wp-json\/wp\/v2\/pages\/518\/revisions"}],"predecessor-version":[{"id":1686,"href":"https:\/\/www.techveck.com\/enerji\/wp-json\/wp\/v2\/pages\/518\/revisions\/1686"}],"up":[{"embeddable":true,"href":"https:\/\/www.techveck.com\/enerji\/wp-json\/wp\/v2\/pages\/147"}],"wp:attachment":[{"href":"https:\/\/www.techveck.com\/enerji\/wp-json\/wp\/v2\/media?parent=518"}],"curies":[{"name":"wp","href":"https:\/\/api.w.org\/{rel}","templated":true}]}}